{"id":9270,"date":"2022-11-10T11:10:53","date_gmt":"2022-11-10T11:10:53","guid":{"rendered":"https:\/\/fernandomecq.com\/?page_id=9270"},"modified":"2022-11-14T14:16:12","modified_gmt":"2022-11-14T14:16:12","slug":"diseno-wordpress-malaga","status":"publish","type":"page","link":"https:\/\/fernandomecq.com\/sv\/diseno-wordpress-malaga\/","title":{"rendered":"WordPress Design Malaga"},"content":{"rendered":"","protected":false},"excerpt":{"rendered":"","protected":false},"author":1,"featured_media":9011,"parent":0,"menu_order":0,"comment_status":"closed","ping_status":"closed","template":"","meta":{"footnotes":""},"class_list":["post-9270","page","type-page","status-publish","has-post-thumbnail","hentry"],"yoast_head":"<!-- This site is optimized with the Yoast SEO Premium plugin v19.3 (Yoast SEO v24.7) - https:\/\/yoast.com\/wordpress\/plugins\/seo\/ -->\n<title>Dise\u00f1o WordPress M\u00e1laga &#187; Fernando Domecq<\/title>\n<meta name=\"description\" content=\"Dise\u00f1o WordPress M\u00e1laga \u2192 para los que quieran un negocio online y no una simple web. \u2705 \u27a4 P\u00e1gina r\u00e1pida, atractiva y optimizada para SEO.\" \/>\n<meta name=\"robots\" content=\"index, follow, max-snippet:-1, max-image-preview:large, max-video-preview:-1\" \/>\n<link rel=\"canonical\" href=\"https:\/\/fernandomecq.com\/sv\/diseno-wordpress-malaga\/\" \/>\n<meta property=\"og:locale\" content=\"sv_SE\" \/>\n<meta property=\"og:type\" content=\"article\" \/>\n<meta property=\"og:title\" content=\"Dise\u00f1o WordPress M\u00e1laga\" \/>\n<meta property=\"og:description\" content=\"Dise\u00f1o WordPress M\u00e1laga \u2192 para los que quieran un negocio online y no una simple web. \u2705 \u27a4 P\u00e1gina r\u00e1pida, atractiva y optimizada para SEO.\" \/>\n<meta property=\"og:url\" content=\"https:\/\/fernandomecq.com\/sv\/diseno-wordpress-malaga\/\" \/>\n<meta property=\"og:site_name\" content=\"Fernando Domecq\" \/>\n<meta property=\"article:publisher\" content=\"https:\/\/www.facebook.com\/fernandomecq\/\" \/>\n<meta property=\"article:modified_time\" content=\"2022-11-14T14:16:12+00:00\" \/>\n<meta property=\"og:image\" content=\"https:\/\/fernandomecq.com\/wp-content\/uploads\/2022\/10\/fernando-domecq-wordcamp-malaga-2020-1.jpeg\" \/>\n\t<meta property=\"og:image:width\" content=\"800\" \/>\n\t<meta property=\"og:image:height\" content=\"800\" \/>\n\t<meta property=\"og:image:type\" content=\"image\/jpeg\" \/>\n<meta name=\"twitter:card\" content=\"summary_large_image\" \/>\n<meta name=\"twitter:site\" content=\"@DomecqFernando\" \/>\n<script type=\"application\/ld+json\" class=\"yoast-schema-graph\">{\"@context\":\"https:\/\/schema.org\",\"@graph\":[{\"@type\":\"WebPage\",\"@id\":\"https:\/\/fernandomecq.com\/diseno-wordpress-malaga\/\",\"url\":\"https:\/\/fernandomecq.com\/diseno-wordpress-malaga\/\",\"name\":\"Dise\u00f1o WordPress M\u00e1laga &#187; Fernando Domecq\",\"isPartOf\":{\"@id\":\"https:\/\/fernandomecq.com\/#website\"},\"primaryImageOfPage\":{\"@id\":\"https:\/\/fernandomecq.com\/diseno-wordpress-malaga\/#primaryimage\"},\"image\":{\"@id\":\"https:\/\/fernandomecq.com\/diseno-wordpress-malaga\/#primaryimage\"},\"thumbnailUrl\":\"https:\/\/fernandomecq.com\/wp-content\/uploads\/2022\/10\/fernando-domecq-wordcamp-malaga-2020-1.jpeg\",\"datePublished\":\"2022-11-10T11:10:53+00:00\",\"dateModified\":\"2022-11-14T14:16:12+00:00\",\"description\":\"Dise\u00f1o WordPress M\u00e1laga \u2192 para los que quieran un negocio online y no una simple web. \u2705 \u27a4 P\u00e1gina r\u00e1pida, atractiva y optimizada para SEO.\",\"breadcrumb\":{\"@id\":\"https:\/\/fernandomecq.com\/diseno-wordpress-malaga\/#breadcrumb\"},\"inLanguage\":\"sv-SE\",\"potentialAction\":[{\"@type\":\"ReadAction\",\"target\":[\"https:\/\/fernandomecq.com\/diseno-wordpress-malaga\/\"]}]},{\"@type\":\"ImageObject\",\"inLanguage\":\"sv-SE\",\"@id\":\"https:\/\/fernandomecq.com\/diseno-wordpress-malaga\/#primaryimage\",\"url\":\"https:\/\/fernandomecq.com\/wp-content\/uploads\/2022\/10\/fernando-domecq-wordcamp-malaga-2020-1.jpeg\",\"contentUrl\":\"https:\/\/fernandomecq.com\/wp-content\/uploads\/2022\/10\/fernando-domecq-wordcamp-malaga-2020-1.jpeg\",\"width\":800,\"height\":800,\"caption\":\"fernando domecq desarrollador web especialista wordpress\"},{\"@type\":\"BreadcrumbList\",\"@id\":\"https:\/\/fernandomecq.com\/diseno-wordpress-malaga\/#breadcrumb\",\"itemListElement\":[{\"@type\":\"ListItem\",\"position\":1,\"name\":\"Portada\",\"item\":\"https:\/\/fernandomecq.com\/\"},{\"@type\":\"ListItem\",\"position\":2,\"name\":\"Dise\u00f1o WordPress M\u00e1laga\"}]},{\"@type\":\"WebSite\",\"@id\":\"https:\/\/fernandomecq.com\/#website\",\"url\":\"https:\/\/fernandomecq.com\/\",\"name\":\"Fernando Domecq\",\"description\":\"Desarrollo web en WordPress\",\"publisher\":{\"@id\":\"https:\/\/fernandomecq.com\/#\/schema\/person\/44115f52e1c42fe9a9d7d2cd4ada232c\"},\"potentialAction\":[{\"@type\":\"SearchAction\",\"target\":{\"@type\":\"EntryPoint\",\"urlTemplate\":\"https:\/\/fernandomecq.com\/?s={search_term_string}\"},\"query-input\":{\"@type\":\"PropertyValueSpecification\",\"valueRequired\":true,\"valueName\":\"search_term_string\"}}],\"inLanguage\":\"sv-SE\"},{\"@type\":[\"Person\",\"Organization\"],\"@id\":\"https:\/\/fernandomecq.com\/#\/schema\/person\/44115f52e1c42fe9a9d7d2cd4ada232c\",\"name\":\"Fernando\",\"image\":{\"@type\":\"ImageObject\",\"inLanguage\":\"sv-SE\",\"@id\":\"https:\/\/fernandomecq.com\/#\/schema\/person\/image\/\",\"url\":\"https:\/\/secure.gravatar.com\/avatar\/8854d909f7bed9fdd69e2d581fec94d2?s=96&d=mm&r=g\",\"contentUrl\":\"https:\/\/secure.gravatar.com\/avatar\/8854d909f7bed9fdd69e2d581fec94d2?s=96&d=mm&r=g\",\"caption\":\"Fernando\"},\"logo\":{\"@id\":\"https:\/\/fernandomecq.com\/#\/schema\/person\/image\/\"},\"sameAs\":[\"https:\/\/fernandomecq.com\",\"https:\/\/www.facebook.com\/fernandomecq\/\",\"https:\/\/www.instagram.com\/domecqfernando\/\",\"https:\/\/www.linkedin.com\/in\/domecqfernando\/\",\"https:\/\/x.com\/https:\/\/twitter.com\/DomecqFernando\"]}]}<\/script>\n<!-- \/ Yoast SEO Premium plugin. -->","yoast_head_json":{"title":"Dise\u00f1o WordPress M\u00e1laga &#187; Fernando Domecq","description":"Dise\u00f1o WordPress M\u00e1laga \u2192 para los que quieran un negocio online y no una simple web. \u2705 \u27a4 P\u00e1gina r\u00e1pida, atractiva y optimizada para SEO.","robots":{"index":"index","follow":"follow","max-snippet":"max-snippet:-1","max-image-preview":"max-image-preview:large","max-video-preview":"max-video-preview:-1"},"canonical":"https:\/\/fernandomecq.com\/sv\/diseno-wordpress-malaga\/","og_locale":"sv_SE","og_type":"article","og_title":"Dise\u00f1o WordPress M\u00e1laga","og_description":"Dise\u00f1o WordPress M\u00e1laga \u2192 para los que quieran un negocio online y no una simple web. \u2705 \u27a4 P\u00e1gina r\u00e1pida, atractiva y optimizada para SEO.","og_url":"https:\/\/fernandomecq.com\/sv\/diseno-wordpress-malaga\/","og_site_name":"Fernando Domecq","article_publisher":"https:\/\/www.facebook.com\/fernandomecq\/","article_modified_time":"2022-11-14T14:16:12+00:00","og_image":[{"width":800,"height":800,"url":"https:\/\/fernandomecq.com\/wp-content\/uploads\/2022\/10\/fernando-domecq-wordcamp-malaga-2020-1.jpeg","type":"image\/jpeg"}],"twitter_card":"summary_large_image","twitter_site":"@DomecqFernando","schema":{"@context":"https:\/\/schema.org","@graph":[{"@type":"WebPage","@id":"https:\/\/fernandomecq.com\/diseno-wordpress-malaga\/","url":"https:\/\/fernandomecq.com\/diseno-wordpress-malaga\/","name":"Dise\u00f1o WordPress M\u00e1laga &#187; Fernando Domecq","isPartOf":{"@id":"https:\/\/fernandomecq.com\/#website"},"primaryImageOfPage":{"@id":"https:\/\/fernandomecq.com\/diseno-wordpress-malaga\/#primaryimage"},"image":{"@id":"https:\/\/fernandomecq.com\/diseno-wordpress-malaga\/#primaryimage"},"thumbnailUrl":"https:\/\/fernandomecq.com\/wp-content\/uploads\/2022\/10\/fernando-domecq-wordcamp-malaga-2020-1.jpeg","datePublished":"2022-11-10T11:10:53+00:00","dateModified":"2022-11-14T14:16:12+00:00","description":"Dise\u00f1o WordPress M\u00e1laga \u2192 para los que quieran un negocio online y no una simple web. \u2705 \u27a4 P\u00e1gina r\u00e1pida, atractiva y optimizada para SEO.","breadcrumb":{"@id":"https:\/\/fernandomecq.com\/diseno-wordpress-malaga\/#breadcrumb"},"inLanguage":"sv-SE","potentialAction":[{"@type":"ReadAction","target":["https:\/\/fernandomecq.com\/diseno-wordpress-malaga\/"]}]},{"@type":"ImageObject","inLanguage":"sv-SE","@id":"https:\/\/fernandomecq.com\/diseno-wordpress-malaga\/#primaryimage","url":"https:\/\/fernandomecq.com\/wp-content\/uploads\/2022\/10\/fernando-domecq-wordcamp-malaga-2020-1.jpeg","contentUrl":"https:\/\/fernandomecq.com\/wp-content\/uploads\/2022\/10\/fernando-domecq-wordcamp-malaga-2020-1.jpeg","width":800,"height":800,"caption":"fernando domecq desarrollador web especialista wordpress"},{"@type":"BreadcrumbList","@id":"https:\/\/fernandomecq.com\/diseno-wordpress-malaga\/#breadcrumb","itemListElement":[{"@type":"ListItem","position":1,"name":"Portada","item":"https:\/\/fernandomecq.com\/"},{"@type":"ListItem","position":2,"name":"Dise\u00f1o WordPress M\u00e1laga"}]},{"@type":"WebSite","@id":"https:\/\/fernandomecq.com\/#website","url":"https:\/\/fernandomecq.com\/","name":"Fernando Domecq","description":"Desarrollo web en WordPress","publisher":{"@id":"https:\/\/fernandomecq.com\/#\/schema\/person\/44115f52e1c42fe9a9d7d2cd4ada232c"},"potentialAction":[{"@type":"SearchAction","target":{"@type":"EntryPoint","urlTemplate":"https:\/\/fernandomecq.com\/?s={search_term_string}"},"query-input":{"@type":"PropertyValueSpecification","valueRequired":true,"valueName":"search_term_string"}}],"inLanguage":"sv-SE"},{"@type":["Person","Organization"],"@id":"https:\/\/fernandomecq.com\/#\/schema\/person\/44115f52e1c42fe9a9d7d2cd4ada232c","name":"Fernando","image":{"@type":"ImageObject","inLanguage":"sv-SE","@id":"https:\/\/fernandomecq.com\/#\/schema\/person\/image\/","url":"https:\/\/secure.gravatar.com\/avatar\/8854d909f7bed9fdd69e2d581fec94d2?s=96&d=mm&r=g","contentUrl":"https:\/\/secure.gravatar.com\/avatar\/8854d909f7bed9fdd69e2d581fec94d2?s=96&d=mm&r=g","caption":"Fernando"},"logo":{"@id":"https:\/\/fernandomecq.com\/#\/schema\/person\/image\/"},"sameAs":["https:\/\/fernandomecq.com","https:\/\/www.facebook.com\/fernandomecq\/","https:\/\/www.instagram.com\/domecqfernando\/","https:\/\/www.linkedin.com\/in\/domecqfernando\/","https:\/\/x.com\/https:\/\/twitter.com\/DomecqFernando"]}]}},"_links":{"self":[{"href":"https:\/\/fernandomecq.com\/sv\/wp-json\/wp\/v2\/pages\/9270","targetHints":{"allow":["GET"]}}],"collection":[{"href":"https:\/\/fernandomecq.com\/sv\/wp-json\/wp\/v2\/pages"}],"about":[{"href":"https:\/\/fernandomecq.com\/sv\/wp-json\/wp\/v2\/types\/page"}],"author":[{"embeddable":true,"href":"https:\/\/fernandomecq.com\/sv\/wp-json\/wp\/v2\/users\/1"}],"replies":[{"embeddable":true,"href":"https:\/\/fernandomecq.com\/sv\/wp-json\/wp\/v2\/comments?post=9270"}],"version-history":[{"count":1,"href":"https:\/\/fernandomecq.com\/sv\/wp-json\/wp\/v2\/pages\/9270\/revisions"}],"predecessor-version":[{"id":9271,"href":"https:\/\/fernandomecq.com\/sv\/wp-json\/wp\/v2\/pages\/9270\/revisions\/9271"}],"wp:featuredmedia":[{"embeddable":true,"href":"https:\/\/fernandomecq.com\/sv\/wp-json\/wp\/v2\/media\/9011"}],"wp:attachment":[{"href":"https:\/\/fernandomecq.com\/sv\/wp-json\/wp\/v2\/media?parent=9270"}],"curies":[{"name":"wp","href":"https:\/\/api.w.org\/{rel}","templated":true}]}}