{"id":9084,"date":"2022-10-14T13:55:33","date_gmt":"2022-10-14T13:55:33","guid":{"rendered":"https:\/\/fernandomecq.com\/?page_id=9084"},"modified":"2022-10-24T10:40:39","modified_gmt":"2022-10-24T10:40:39","slug":"cotizador","status":"publish","type":"page","link":"https:\/\/fernandomecq.com\/fi\/lainausmoottori\/","title":{"rendered":"Tarjouspyynt\u00f6"},"content":{"rendered":"<p><\/p>\n\n\n\n<p>Si quieres informaci\u00f3n precisa sobre lo que te costar\u00e1 tu web, si necesitas saber si puedo hacer un determinado plugin\/completemento, o por si necesitas hablar por un determinado proyecto, puedes completar el siguiente formulario y te responder\u00e9 a la mayor brevedad.<\/p>\n\n\n\n<p><\/p>\n\n\n<div class=\"wpforms-container wpforms-container-full\" id=\"wpforms-9074\"><form id=\"wpforms-form-9074\" class=\"wpforms-validate wpforms-form wpforms-ajax-form\" data-formid=\"9074\" method=\"post\" enctype=\"multipart\/form-data\" action=\"\/fi\/wp-json\/wp\/v2\/pages\/9084?wpforms_form_id=9074\" data-trp-original-action=\"\/fi\/wp-json\/wp\/v2\/pages\/9084?wpforms_form_id=9074\"><noscript class=\"wpforms-error-noscript\">Please enable JavaScript in your browser to complete this form.<\/noscript><div class=\"wpforms-field-container\"><div id=\"wpforms-9074-field_8-container\" class=\"wpforms-field wpforms-field-radio wpforms-list-3-columns\" data-field-id=\"8\"><label class=\"wpforms-field-label\" for=\"wpforms-9074-field_8\">\u00bfC\u00faal es la urgencia de tu proyecto?<\/label><ul id=\"wpforms-9074-field_8\" class=\"wpforms-image-choices wpforms-image-choices-modern\"><li class=\"choice-1 depth-1 wpforms-image-choices-item\"><label class=\"wpforms-field-label-inline\" for=\"wpforms-9074-field_8_1\" tabindex=\"0\"><span class=\"wpforms-image-choices-image\"><img decoding=\"async\" src=\"https:\/\/fernandomecq.com\/wp-content\/uploads\/2022\/10\/contento.png\" alt=\"Normaali, voin odottaa viikon\" title=\"Normaali, voin odottaa viikon\"><\/span><input type=\"radio\" id=\"wpforms-9074-field_8_1\" class=\"wpforms-screen-reader-element\" name=\"wpforms[fields][8]\" value=\"Normal, puedo esperar una semana\" tabindex=\"-1\"  ><span class=\"wpforms-image-choices-label\">Normaali, voin odottaa viikon<\/span><\/label><\/li><li class=\"choice-2 depth-1 wpforms-image-choices-item\"><label class=\"wpforms-field-label-inline\" for=\"wpforms-9074-field_8_2\" tabindex=\"0\"><span class=\"wpforms-image-choices-image\"><img decoding=\"async\" src=\"https:\/\/fernandomecq.com\/wp-content\/uploads\/2022\/10\/sonrisa.png\" alt=\"Tarvitsen kiireellisesti kaksi tai kolme p\u00e4iv\u00e4\u00e4 on hieno\" title=\"Tarvitsen kiireellisesti kaksi tai kolme p\u00e4iv\u00e4\u00e4 on hieno\"><\/span><input type=\"radio\" id=\"wpforms-9074-field_8_2\" class=\"wpforms-screen-reader-element\" name=\"wpforms[fields][8]\" value=\"Me urge, dos o tres d\u00edas esta bien\" tabindex=\"-1\"  ><span class=\"wpforms-image-choices-label\">Tarvitsen kiireellisesti kaksi tai kolme p\u00e4iv\u00e4\u00e4 on hieno<\/span><\/label><\/li><li class=\"choice-3 depth-1 wpforms-image-choices-item\"><label class=\"wpforms-field-label-inline\" for=\"wpforms-9074-field_8_3\" tabindex=\"0\"><span class=\"wpforms-image-choices-image\"><img decoding=\"async\" src=\"https:\/\/fernandomecq.com\/wp-content\/uploads\/2022\/10\/super.png\" alt=\"En malta odottaa, huomenna!\" title=\"En malta odottaa, huomenna!\"><\/span><input type=\"radio\" id=\"wpforms-9074-field_8_3\" class=\"wpforms-screen-reader-element\" name=\"wpforms[fields][8]\" value=\"No puedo esperar, ma\u00f1ana mismo!\" tabindex=\"-1\"  ><span class=\"wpforms-image-choices-label\">En malta odottaa, huomenna!<\/span><\/label><\/li><\/ul><\/div><div id=\"wpforms-9074-field_9-container\" class=\"wpforms-field wpforms-field-radio wpforms-list-3-columns\" data-field-id=\"9\"><label class=\"wpforms-field-label\" for=\"wpforms-9074-field_9\">\u00bfC\u00faal es el presupuesto para tu proyecto?<\/label><ul id=\"wpforms-9074-field_9\" class=\"wpforms-image-choices wpforms-image-choices-modern\"><li class=\"choice-1 depth-1 wpforms-image-choices-item\"><label class=\"wpforms-field-label-inline\" for=\"wpforms-9074-field_9_1\" tabindex=\"0\"><span class=\"wpforms-image-choices-image\"><img decoding=\"async\" src=\"https:\/\/fernandomecq.com\/wp-content\/uploads\/2022\/10\/billetera.png\" alt=\"osoitteeseen &lt;b&gt;&euro;1000&lt;\/b&gt;\" title=\"osoitteeseen &lt;b&gt;&euro;1000&lt;\/b&gt;\"><\/span><input type=\"radio\" id=\"wpforms-9074-field_9_1\" class=\"wpforms-screen-reader-element\" name=\"wpforms[fields][9]\" value=\"hasta &lt;b&gt;\u20ac1000&lt;\/b&gt;\" tabindex=\"-1\"  ><span class=\"wpforms-image-choices-label\">osoitteeseen <b>\u20ac1000<\/b><\/span><\/label><\/li><li class=\"choice-2 depth-1 wpforms-image-choices-item\"><label class=\"wpforms-field-label-inline\" for=\"wpforms-9074-field_9_2\" tabindex=\"0\"><span class=\"wpforms-image-choices-image\"><img decoding=\"async\" src=\"https:\/\/fernandomecq.com\/wp-content\/uploads\/2022\/10\/tarjeta-credito.png\" alt=\"osoitteeseen &lt;b&gt;&euro;5000&lt;\/b&gt;\" title=\"osoitteeseen &lt;b&gt;&euro;5000&lt;\/b&gt;\"><\/span><input type=\"radio\" id=\"wpforms-9074-field_9_2\" class=\"wpforms-screen-reader-element\" name=\"wpforms[fields][9]\" value=\"hasta &lt;b&gt;\u20ac5000&lt;\/b&gt;\" tabindex=\"-1\"  ><span class=\"wpforms-image-choices-label\">osoitteeseen <b>\u20ac5000<\/b><\/span><\/label><\/li><li class=\"choice-3 depth-1 wpforms-image-choices-item\"><label class=\"wpforms-field-label-inline\" for=\"wpforms-9074-field_9_3\" tabindex=\"0\"><span class=\"wpforms-image-choices-image\"><img decoding=\"async\" src=\"https:\/\/fernandomecq.com\/wp-content\/uploads\/2022\/10\/bolsa-oro.png\" alt=\"En halua sanoa\" title=\"En halua sanoa\"><\/span><input type=\"radio\" id=\"wpforms-9074-field_9_3\" class=\"wpforms-screen-reader-element\" name=\"wpforms[fields][9]\" value=\"Prefiero no decirlo\" tabindex=\"-1\"  ><span class=\"wpforms-image-choices-label\">En halua sanoa<\/span><\/label><\/li><\/ul><\/div><div id=\"wpforms-9074-field_12-container\" class=\"wpforms-field wpforms-field-html\" data-field-id=\"12\"><div id=\"wpforms-9074-field_12\">Proporcione tanta informaci\u00f3n sobre la personalizaci\u00f3n\/desarrollo como sea posible. Si tienes un ejemplo pr\u00e1ctico de lo que necesitas, comp\u00e1rtelo. Cualquier captura de pantalla, dibujo, video u otra gu\u00eda visual es muy apreciada.  Adem\u00e1s, los detalles de acceso a tu panel de WordPress (o cualquier otro CMS) y FTP son muy \u00fatiles. <br \/> Puedes estar seguro de que tu informaci\u00f3n estar\u00e1 segura. Si desea crear una cuenta especial para mi, puedes hacerlo con este correo electr\u00f3nico hola@fernandomecq.com.<\/div><\/div><div id=\"wpforms-9074-field_14-container\" class=\"wpforms-field wpforms-field-layout\" data-field-id=\"14\"><label class=\"wpforms-field-label wpforms-label-hide\" for=\"wpforms-9074-field_14\">Asettelu<\/label><div class=\"wpforms-field-layout-columns wpforms-field-layout-preset-50-50\"><div class=\"wpforms-layout-column wpforms-layout-column-50\"><div id=\"wpforms-9074-field_23-container\" class=\"wpforms-field wpforms-field-html preg\" data-field-id=\"23\"><div id=\"wpforms-9074-field_23\"><h3>Descripci\u00f3n del proyecto<\/h3>\r\n<\/div><\/div><div id=\"wpforms-9074-field_15-container\" class=\"wpforms-field wpforms-field-name\" data-field-id=\"15\"><label class=\"wpforms-field-label wpforms-label-hide\" for=\"wpforms-9074-field_15\">Nimi (kopio) <span class=\"wpforms-required-label\">*<\/span><\/label><input type=\"text\" id=\"wpforms-9074-field_15\" class=\"wpforms-field-medium wpforms-field-required\" name=\"wpforms[fields][15]\" placeholder=\"Hankkeen nimi\" required><\/div><div id=\"wpforms-9074-field_13-container\" class=\"wpforms-field wpforms-field-name\" data-field-id=\"13\"><label class=\"wpforms-field-label wpforms-label-hide\" for=\"wpforms-9074-field_13\">Nimi <span class=\"wpforms-required-label\">*<\/span><\/label><input type=\"text\" id=\"wpforms-9074-field_13\" class=\"wpforms-field-medium wpforms-field-required\" name=\"wpforms[fields][13]\" placeholder=\"Nimi ja sukunimi\" required><\/div><div id=\"wpforms-9074-field_16-container\" class=\"wpforms-field wpforms-field-email\" data-field-id=\"16\"><input type=\"email\" id=\"wpforms-9074-field_16\" class=\"wpforms-field-medium wpforms-field-required\" name=\"wpforms[fields][16]\" placeholder=\"S\u00e4hk\u00f6postiosoite\" spellcheck=\"false\" required><\/div><div id=\"wpforms-9074-field_17-container\" class=\"wpforms-field wpforms-field-url\" data-field-id=\"17\"><input type=\"url\" id=\"wpforms-9074-field_17\" class=\"wpforms-field-medium\" name=\"wpforms[fields][17]\" placeholder=\"Web \/ URL\" ><\/div><div id=\"wpforms-9074-field_24-container\" class=\"wpforms-field wpforms-field-file-upload\" data-field-id=\"24\"><label class=\"wpforms-field-label\" for=\"wpforms-9074-field_24\">Liit\u00e4 tiedostoja<\/label><div\n\t\tclass=\"wpforms-uploader\"\n\t\tdata-field-id=\"24\"\n\t\tdata-form-id=\"9074\"\n\t\tdata-input-name=\"wpforms_9074_24\"\n\t\tdata-extensions=\"jpg,jpeg,jpe,gif,png,bmp,tiff,tif,webp,avif,ico,heic,heif,heics,heifs,asf,asx,wmv,wmx,wm,avi,divx,mov,qt,mpeg,mpg,mpe,mp4,m4v,ogv,webm,mkv,3gp,3gpp,3g2,3gp2,txt,asc,c,cc,h,srt,csv,tsv,ics,rtx,css,vtt,mp3,m4a,m4b,aac,ra,ram,wav,ogg,oga,flac,mid,midi,wma,wax,mka,rtf,pdf,class,tar,zip,gz,gzip,rar,7z,psd,xcf,doc,pot,pps,ppt,wri,xla,xls,xlt,xlw,mpp,docx,docm,dotx,dotm,xlsx,xlsm,xlsb,xltx,xltm,xlam,pptx,pptm,ppsx,ppsm,potx,potm,ppam,sldx,sldm,onetoc,onetoc2,onepkg,oxps,xps,odt,odp,ods,odg,odc,odb,odf,wp,wpd,key,numbers,pages,svg,woff,ttf,json\"\n\t\tdata-max-size=\"0\"\n\t\tdata-max-file-number=\"1\"\n\t\tdata-post-max-size=\"0\"\n\t\tdata-max-parallel-uploads=\"4\"\n\t\tdata-parallel-uploads=\"true\"\n\t\tdata-file-chunk-size=\"0\">\n\t<div class=\"dz-message\">\n\t\t<svg viewbox=\"0 0 1024 1024\" focusable=\"false\" data-icon=\"inbox\" width=\"50px\" height=\"50px\" fill=\"currentColor\" aria-hidden=\"true\">\n\t\t\t<path d=\"M885.2 446.3l-.2-.8-112.2-285.1c-5-16.1-19.9-27.2-36.8-27.2H281.2c-17 0-32.1 11.3-36.9 27.6L139.4 443l-.3.7-.2.8c-1.3 4.9-1.7 9.9-1 14.8-.1 1.6-.2 3.2-.2 4.8V830a60.9 60.9 0 0 0 60.8 60.8h627.2c33.5 0 60.8-27.3 60.9-60.8V464.1c0-1.3 0-2.6-.1-3.7.4-4.9 0-9.6-1.3-14.1zm-295.8-43l-.3 15.7c-.8 44.9-31.8 75.1-77.1 75.1-22.1 0-41.1-7.1-54.8-20.6S436 441.2 435.6 419l-.3-15.7H229.5L309 210h399.2l81.7 193.3H589.4zm-375 76.8h157.3c24.3 57.1 76 90.8 140.4 90.8 33.7 0 65-9.4 90.3-27.2 22.2-15.6 39.5-37.4 50.7-63.6h156.5V814H214.4V480.1z\"><\/path>\n\t\t<\/svg>\n\t\t<span class=\"modern-title\">Click or drag a file to this area to upload.<\/span>\n\n\t\t\t<\/div>\n<\/div>\n<input\n\t\ttype=\"text\"\n\t\tautocomplete=\"off\"\n\t\tclass=\"dropzone-input\"\n\t\tstyle=\"position:absolute!important;clip:rect(0,0,0,0)!important;height:1px!important;width:1px!important;border:0!important;overflow:hidden!important;padding:0!important;margin:0!important;\"\n\t\tid=\"wpforms-9074-field_24\"\n\t\tname=\"wpforms_9074_24\" \t\tvalue=\"\">\n<\/div><div id=\"wpforms-9074-field_22-container\" class=\"wpforms-field wpforms-field-checkbox\" data-field-id=\"22\"><label class=\"wpforms-field-label wpforms-label-hide\" for=\"wpforms-9074-field_22\">Valintaruudut<\/label><ul id=\"wpforms-9074-field_22\"><li class=\"choice-1 depth-1\"><input type=\"checkbox\" id=\"wpforms-9074-field_22_1\" name=\"wpforms[fields][22][]\" value=\"He le\u00eddo  aceptado las &lt;a href=&quot;\/politica-privacidad\/&quot; target=&quot;_blank&quot; style=&quot;text-decoration: underline; font-weight:700&quot;&gt;pol\u00edticas de privacidad&lt;\/a&gt;\"  ><label class=\"wpforms-field-label-inline\" for=\"wpforms-9074-field_22_1\">He le\u00eddo  aceptado las <a href=\"https:\/\/fernandomecq.com\/fi\/tietosuojapolitiikka-2\/\" target=\"_blank\" style=\"text-decoration: underline;font-weight:700\">pol\u00edticas de privacidad<\/a><\/label><\/li><\/ul><\/div><\/div><div class=\"wpforms-layout-column wpforms-layout-column-50\"><div id=\"wpforms-9074-field_21-container\" class=\"wpforms-field wpforms-field-html preg\" data-field-id=\"21\"><div id=\"wpforms-9074-field_21\">Prov\u00e9eme informaci\u00f3n lo m\u00e1s precisa posible para poder darte el presupuesto m\u00e1s espec\u00edfico. Por favor ten en cuenta lo siguiente: <br \/>\r\n<ul>\r\n<li>1. \u00bfQu\u00e9 problema quieres resolver?<\/li>\r\n<li>2. \u00bfTienes alg\u00fan plazo en particular?<\/li>\r\n<li>3. \u00bfCu\u00e1l es el rango de presupuesto para este proyecto?<\/li>\r\n<li>4. \u00bfHay alg\u00fan sitio web\/aplicaci\u00f3n\/dise\u00f1o que le guste y quiera basarse en algunas capturas de pantalla de lo que quiere lograr?<\/li>\r\n<li>5. \u00bfAlgo que desees a\u00f1adir?<\/li>\r\n<\/ul>\r\n<\/div><\/div><div id=\"wpforms-9074-field_18-container\" class=\"wpforms-field wpforms-field-richtext wpforms-field-richtext-toolbar-basic wpforms-field-medium\" data-field-id=\"18\"><label class=\"wpforms-field-label wpforms-label-hide\" for=\"wpforms-9074-field_18\">Rikastettu teksti <span class=\"wpforms-required-label\">*<\/span><\/label><div id=\"wp-wpforms-9074-field_18-wrap\" class=\"wp-core-ui wp-editor-wrap tmce-active\"><link rel='stylesheet' id='dashicons-css' href='https:\/\/fernandomecq.com\/wp-includes\/css\/dashicons.min.css?ver=6.7.5' type='text\/css' media='all' \/>\n<link rel='stylesheet' id='editor-buttons-css' href='https:\/\/fernandomecq.com\/wp-includes\/css\/editor.min.css?ver=6.7.5' type='text\/css' media='all' \/>\n<style>.wpforms-field-richtext .insert-media.add_media { display: none !important; }<\/style>\n<div id=\"wp-wpforms-9074-field_18-editor-tools\" class=\"wp-editor-tools hide-if-no-js\"><div class=\"wp-editor-tabs\"><button type=\"button\" id=\"wpforms-9074-field_18-tmce\" aria-pressed=\"true\" class=\"wp-switch-editor switch-tmce\" data-wp-editor-id=\"wpforms-9074-field_18\">Graafinen<\/button>\n<button type=\"button\" id=\"wpforms-9074-field_18-html\" class=\"wp-switch-editor switch-html\" data-wp-editor-id=\"wpforms-9074-field_18\">Teksti<\/button>\n<\/div>\n<\/div>\n<div id=\"wp-wpforms-9074-field_18-editor-container\" class=\"wp-editor-container\"><div id=\"qt_wpforms-9074-field_18_toolbar\" class=\"quicktags-toolbar hide-if-no-js\"><\/div><textarea class=\"wpforms-field-required wp-editor-area\" style=\"height: 120px\" autocomplete=\"off\" cols=\"40\" name=\"wpforms[fields][18]\" id=\"wpforms-9074-field_18\"><\/textarea><\/div>\n<\/div>\n\n<\/div><\/div><\/div><\/div><\/div><!-- .wpforms-field-container --><div class=\"wpforms-submit-container\" ><input type=\"hidden\" name=\"wpforms[id]\" value=\"9074\"><input type=\"hidden\" name=\"wpforms[author]\" value=\"1\"><input type=\"hidden\" class=\"wpforms-token\" name=\"wpforms[token]\" value=\"4ce73f3610d449e920b85af946fe9d09\" \/><button type=\"submit\" name=\"wpforms[submit]\" id=\"wpforms-submit-9074\" class=\"wpforms-submit\" data-alt-text=\"Enviando...\" data-submit-text=\"Enviar el proyecto\" aria-live=\"assertive\" value=\"wpforms-submit\">L\u00e4het\u00e4 projekti<\/button><img decoding=\"async\" src=\"https:\/\/fernandomecq.com\/wp-content\/plugins\/wpforms\/assets\/images\/submit-spin.svg\" class=\"wpforms-submit-spinner\" style=\"display: none;\" width=\"26\" height=\"26\" alt=\"Loading\"><\/div><input type=\"hidden\" name=\"trp-form-language\" value=\"fi\"\/><\/form><\/div>  <!-- .wpforms-container -->","protected":false},"excerpt":{"rendered":"<p>Si quieres informaci\u00f3n precisa sobre lo que te costar\u00e1 tu web, si necesitas saber si puedo hacer un determinado plugin\/completemento, o por si necesitas hablar por<span class=\"excerpt-hellip\"> [...]<\/span><\/p>","protected":false},"author":1,"featured_media":0,"parent":0,"menu_order":0,"comment_status":"closed","ping_status":"closed","template":"","meta":{"footnotes":""},"class_list":["post-9084","page","type-page","status-publish","hentry"],"yoast_head":"<!-- This site is optimized with the Yoast SEO Premium plugin v19.3 (Yoast SEO v24.7) - https:\/\/yoast.com\/wordpress\/plugins\/seo\/ -->\n<title>Cotizador &#187; Fernando Domecq<\/title>\n<meta name=\"description\" content=\"Si quieres informaci\u00f3n precisa sobre lo que te costar\u00e1 tu web, puedes completar el siguiente formulario y te responder\u00e9 a la mayor brevedad.\" \/>\n<meta name=\"robots\" content=\"noindex, follow\" \/>\n<meta property=\"og:locale\" content=\"fi_FI\" \/>\n<meta property=\"og:type\" content=\"article\" \/>\n<meta property=\"og:title\" content=\"Cotizador\" \/>\n<meta property=\"og:description\" content=\"Si quieres informaci\u00f3n precisa sobre lo que te costar\u00e1 tu web, puedes completar el siguiente formulario y te responder\u00e9 a la mayor brevedad.\" \/>\n<meta property=\"og:url\" content=\"https:\/\/fernandomecq.com\/fi\/lainausmoottori\/\" \/>\n<meta property=\"og:site_name\" content=\"Fernando Domecq\" \/>\n<meta property=\"article:publisher\" content=\"https:\/\/www.facebook.com\/fernandomecq\/\" \/>\n<meta property=\"article:modified_time\" content=\"2022-10-24T10:40:39+00:00\" \/>\n<meta name=\"twitter:card\" content=\"summary_large_image\" \/>\n<meta name=\"twitter:site\" content=\"@DomecqFernando\" \/>\n<meta name=\"twitter:label1\" content=\"Arvioitu lukuaika\" \/>\n\t<meta name=\"twitter:data1\" content=\"1 minuutti\" \/>\n<script type=\"application\/ld+json\" class=\"yoast-schema-graph\">{\"@context\":\"https:\/\/schema.org\",\"@graph\":[{\"@type\":\"WebPage\",\"@id\":\"https:\/\/fernandomecq.com\/cotizador\/\",\"url\":\"https:\/\/fernandomecq.com\/cotizador\/\",\"name\":\"Cotizador &#187; Fernando Domecq\",\"isPartOf\":{\"@id\":\"https:\/\/fernandomecq.com\/#website\"},\"datePublished\":\"2022-10-14T13:55:33+00:00\",\"dateModified\":\"2022-10-24T10:40:39+00:00\",\"description\":\"Si quieres informaci\u00f3n precisa sobre lo que te costar\u00e1 tu web, puedes completar el siguiente formulario y te responder\u00e9 a la mayor brevedad.\",\"breadcrumb\":{\"@id\":\"https:\/\/fernandomecq.com\/cotizador\/#breadcrumb\"},\"inLanguage\":\"fi\",\"potentialAction\":[{\"@type\":\"ReadAction\",\"target\":[\"https:\/\/fernandomecq.com\/cotizador\/\"]}]},{\"@type\":\"BreadcrumbList\",\"@id\":\"https:\/\/fernandomecq.com\/cotizador\/#breadcrumb\",\"itemListElement\":[{\"@type\":\"ListItem\",\"position\":1,\"name\":\"Portada\",\"item\":\"https:\/\/fernandomecq.com\/\"},{\"@type\":\"ListItem\",\"position\":2,\"name\":\"Cotizador\"}]},{\"@type\":\"WebSite\",\"@id\":\"https:\/\/fernandomecq.com\/#website\",\"url\":\"https:\/\/fernandomecq.com\/\",\"name\":\"Fernando Domecq\",\"description\":\"Desarrollo web en WordPress\",\"publisher\":{\"@id\":\"https:\/\/fernandomecq.com\/#\/schema\/person\/44115f52e1c42fe9a9d7d2cd4ada232c\"},\"potentialAction\":[{\"@type\":\"SearchAction\",\"target\":{\"@type\":\"EntryPoint\",\"urlTemplate\":\"https:\/\/fernandomecq.com\/?s={search_term_string}\"},\"query-input\":{\"@type\":\"PropertyValueSpecification\",\"valueRequired\":true,\"valueName\":\"search_term_string\"}}],\"inLanguage\":\"fi\"},{\"@type\":[\"Person\",\"Organization\"],\"@id\":\"https:\/\/fernandomecq.com\/#\/schema\/person\/44115f52e1c42fe9a9d7d2cd4ada232c\",\"name\":\"Fernando\",\"image\":{\"@type\":\"ImageObject\",\"inLanguage\":\"fi\",\"@id\":\"https:\/\/fernandomecq.com\/#\/schema\/person\/image\/\",\"url\":\"https:\/\/secure.gravatar.com\/avatar\/8854d909f7bed9fdd69e2d581fec94d2?s=96&d=mm&r=g\",\"contentUrl\":\"https:\/\/secure.gravatar.com\/avatar\/8854d909f7bed9fdd69e2d581fec94d2?s=96&d=mm&r=g\",\"caption\":\"Fernando\"},\"logo\":{\"@id\":\"https:\/\/fernandomecq.com\/#\/schema\/person\/image\/\"},\"sameAs\":[\"https:\/\/fernandomecq.com\",\"https:\/\/www.facebook.com\/fernandomecq\/\",\"https:\/\/www.instagram.com\/domecqfernando\/\",\"https:\/\/www.linkedin.com\/in\/domecqfernando\/\",\"https:\/\/x.com\/https:\/\/twitter.com\/DomecqFernando\"]}]}<\/script>\n<!-- \/ Yoast SEO Premium plugin. -->","yoast_head_json":{"title":"Cotizador &#187; Fernando Domecq","description":"Si quieres informaci\u00f3n precisa sobre lo que te costar\u00e1 tu web, puedes completar el siguiente formulario y te responder\u00e9 a la mayor brevedad.","robots":{"index":"noindex","follow":"follow"},"og_locale":"fi_FI","og_type":"article","og_title":"Cotizador","og_description":"Si quieres informaci\u00f3n precisa sobre lo que te costar\u00e1 tu web, puedes completar el siguiente formulario y te responder\u00e9 a la mayor brevedad.","og_url":"https:\/\/fernandomecq.com\/fi\/lainausmoottori\/","og_site_name":"Fernando Domecq","article_publisher":"https:\/\/www.facebook.com\/fernandomecq\/","article_modified_time":"2022-10-24T10:40:39+00:00","twitter_card":"summary_large_image","twitter_site":"@DomecqFernando","twitter_misc":{"Arvioitu lukuaika":"1 minuutti"},"schema":{"@context":"https:\/\/schema.org","@graph":[{"@type":"WebPage","@id":"https:\/\/fernandomecq.com\/cotizador\/","url":"https:\/\/fernandomecq.com\/cotizador\/","name":"Cotizador &#187; Fernando Domecq","isPartOf":{"@id":"https:\/\/fernandomecq.com\/#website"},"datePublished":"2022-10-14T13:55:33+00:00","dateModified":"2022-10-24T10:40:39+00:00","description":"Si quieres informaci\u00f3n precisa sobre lo que te costar\u00e1 tu web, puedes completar el siguiente formulario y te responder\u00e9 a la mayor brevedad.","breadcrumb":{"@id":"https:\/\/fernandomecq.com\/cotizador\/#breadcrumb"},"inLanguage":"fi","potentialAction":[{"@type":"ReadAction","target":["https:\/\/fernandomecq.com\/cotizador\/"]}]},{"@type":"BreadcrumbList","@id":"https:\/\/fernandomecq.com\/cotizador\/#breadcrumb","itemListElement":[{"@type":"ListItem","position":1,"name":"Portada","item":"https:\/\/fernandomecq.com\/"},{"@type":"ListItem","position":2,"name":"Cotizador"}]},{"@type":"WebSite","@id":"https:\/\/fernandomecq.com\/#website","url":"https:\/\/fernandomecq.com\/","name":"Fernando Domecq","description":"Desarrollo web en WordPress","publisher":{"@id":"https:\/\/fernandomecq.com\/#\/schema\/person\/44115f52e1c42fe9a9d7d2cd4ada232c"},"potentialAction":[{"@type":"SearchAction","target":{"@type":"EntryPoint","urlTemplate":"https:\/\/fernandomecq.com\/?s={search_term_string}"},"query-input":{"@type":"PropertyValueSpecification","valueRequired":true,"valueName":"search_term_string"}}],"inLanguage":"fi"},{"@type":["Person","Organization"],"@id":"https:\/\/fernandomecq.com\/#\/schema\/person\/44115f52e1c42fe9a9d7d2cd4ada232c","name":"Fernando","image":{"@type":"ImageObject","inLanguage":"fi","@id":"https:\/\/fernandomecq.com\/#\/schema\/person\/image\/","url":"https:\/\/secure.gravatar.com\/avatar\/8854d909f7bed9fdd69e2d581fec94d2?s=96&d=mm&r=g","contentUrl":"https:\/\/secure.gravatar.com\/avatar\/8854d909f7bed9fdd69e2d581fec94d2?s=96&d=mm&r=g","caption":"Fernando"},"logo":{"@id":"https:\/\/fernandomecq.com\/#\/schema\/person\/image\/"},"sameAs":["https:\/\/fernandomecq.com","https:\/\/www.facebook.com\/fernandomecq\/","https:\/\/www.instagram.com\/domecqfernando\/","https:\/\/www.linkedin.com\/in\/domecqfernando\/","https:\/\/x.com\/https:\/\/twitter.com\/DomecqFernando"]}]}},"_links":{"self":[{"href":"https:\/\/fernandomecq.com\/fi\/wp-json\/wp\/v2\/pages\/9084","targetHints":{"allow":["GET"]}}],"collection":[{"href":"https:\/\/fernandomecq.com\/fi\/wp-json\/wp\/v2\/pages"}],"about":[{"href":"https:\/\/fernandomecq.com\/fi\/wp-json\/wp\/v2\/types\/page"}],"author":[{"embeddable":true,"href":"https:\/\/fernandomecq.com\/fi\/wp-json\/wp\/v2\/users\/1"}],"replies":[{"embeddable":true,"href":"https:\/\/fernandomecq.com\/fi\/wp-json\/wp\/v2\/comments?post=9084"}],"version-history":[{"count":0,"href":"https:\/\/fernandomecq.com\/fi\/wp-json\/wp\/v2\/pages\/9084\/revisions"}],"wp:attachment":[{"href":"https:\/\/fernandomecq.com\/fi\/wp-json\/wp\/v2\/media?parent=9084"}],"curies":[{"name":"wp","href":"https:\/\/api.w.org\/{rel}","templated":true}]}}